{"id":65,"date":"2014-09-04T10:27:17","date_gmt":"2014-09-04T08:27:17","guid":{"rendered":"http:\/\/www.cislferrara.it\/?page_id=65"},"modified":"2025-06-11T15:06:59","modified_gmt":"2025-06-11T13:06:59","slug":"fisascat","status":"publish","type":"page","link":"https:\/\/www.cislferrara.it\/fr\/fisascat\/","title":{"rendered":"FISASCAT"},"content":{"rendered":"<div id=\"fws_69ec7df17ff36\"  data-column-margin=\"default\" data-midnight=\"dark\" data-top-percent=\"4%\"  class=\"wpb_row vc_row-fluid vc_row  top_padding_tablet_8pct bottom_padding_tablet_8pct\"  style=\"padding-top: calc(100vw * 0.04); padding-bottom: 0px; \"><div class=\"row-bg-wrap\" data-bg-animation=\"none\" data-bg-animation-delay=\"\" data-bg-overlay=\"false\"><div class=\"inner-wrap row-bg-layer\" ><div class=\"row-bg viewport-desktop\"  style=\"\"><\/div><\/div><\/div><div class=\"row_col_wrap_12 col span_12 dark left\">\n\t<div  class=\"vc_col-sm-2\/5 vc_col-xs-12 wpb_column column_container vc_column_container col no-extra-padding right_margin_tablet_auto right_margin_phone_auto left_margin_tablet_auto left_margin_phone_auto inherit_tablet inherit_phone max_width_tablet_600px max_width_phone_420px\"  data-padding-pos=\"all\" data-has-bg-color=\"false\" data-bg-color=\"\" data-bg-opacity=\"1\" data-animation=\"\" data-delay=\"0\" >\n\t\t<div class=\"vc_column-inner\" >\n\t\t\t<div class=\"wpb_wrapper\">\n\t\t\t\t<div id=\"fws_69ec7df181834\" data-midnight=\"\" data-column-margin=\"default\" class=\"wpb_row vc_row-fluid vc_row inner_row\"  style=\"\"><div class=\"row-bg-wrap\"> <div class=\"row-bg\" ><\/div> <\/div><div class=\"row_col_wrap_12_inner col span_12  left\">\n\t<div  class=\"vc_col-sm-12 wpb_column column_container vc_column_container col child_column no-extra-padding inherit_tablet inherit_phone\"   data-padding-pos=\"all\" data-has-bg-color=\"false\" data-bg-color=\"\" data-bg-opacity=\"1\" data-animation=\"\" data-delay=\"0\" >\n\t\t<div class=\"vc_column-inner\" >\n\t\t<div class=\"wpb_wrapper\">\n\t\t\t<div class=\"img-with-aniamtion-wrap center\" data-max-width=\"100%\" data-max-width-mobile=\"default\" data-shadow=\"none\" data-animation=\"none\" >\n      <div class=\"inner\">\n        <div class=\"hover-wrap\"> \n          <div class=\"hover-wrap-inner\">\n            <img loading=\"lazy\" decoding=\"async\" class=\"img-with-animation skip-lazy\" data-delay=\"0\" height=\"250\" width=\"500\" data-animation=\"none\" src=\"https:\/\/www.cislferrara.it\/wp-content\/uploads\/2014\/09\/fisascat-cisl.jpg\" alt=\"\" srcset=\"https:\/\/www.cislferrara.it\/wp-content\/uploads\/2014\/09\/fisascat-cisl.jpg 500w, https:\/\/www.cislferrara.it\/wp-content\/uploads\/2014\/09\/fisascat-cisl-300x150.jpg 300w\" sizes=\"auto, (max-width: 500px) 100vw, 500px\" \/>\n          <\/div>\n        <\/div>\n        \n      <\/div>\n    <\/div>\n\t\t<\/div> \n\t<\/div>\n\t<\/div> \n<\/div><\/div>\n\t\t\t<\/div> \n\t\t<\/div>\n\t<\/div> \n\n\t<div style=\"z-index: 100; \" class=\"vc_col-sm-3\/5 vc_col-xs-12 wpb_column column_container vc_column_container col padding-3-percent max_width_desktop_1000px top_margin_tablet_40px right_margin_tablet_auto right_margin_phone_auto left_margin_tablet_auto left_margin_phone_auto no-extra-padding_tablet no-extra-padding_phone max_width_tablet_600px max_width_phone_420px\"  data-padding-pos=\"left\" data-has-bg-color=\"false\" data-bg-color=\"\" data-bg-opacity=\"1\" data-animation=\"\" data-delay=\"0\" >\n\t\t<div class=\"vc_column-inner\" >\n\t\t\t<div class=\"wpb_wrapper\">\n\t\t\t\t<div id=\"fws_69ec7df184a9b\" data-midnight=\"\" data-column-margin=\"40px\" class=\"wpb_row vc_row-fluid vc_row inner_row\"  style=\"\"><div class=\"row-bg-wrap\"> <div class=\"row-bg\" ><\/div> <\/div><div class=\"row_col_wrap_12_inner col span_12  left\">\n\t<div  class=\"vc_col-sm-12 wpb_column column_container vc_column_container col child_column has-animation no-extra-padding inherit_tablet inherit_phone\"   data-padding-pos=\"all\" data-has-bg-color=\"false\" data-bg-color=\"\" data-bg-opacity=\"1\" data-animation=\"fade-in-from-bottom\" data-delay=\"0\" >\n\t\t<div class=\"vc_column-inner\" >\n\t\t<div class=\"wpb_wrapper\">\n\t\t\t\n<div class=\"wpb_text_column wpb_content_element  vc_custom_1736781403231\" >\n\t<h3>F\u00e9d\u00e9ration italienne des syndicats des travailleurs du commerce, des services connexes et du tourisme<\/h3>\n<\/div>\n\n\n\n\n<div class=\"wpb_text_column wpb_content_element\" >\n\t<p>C&#039;est la cat\u00e9gorie qui\u00a0<strong>repr\u00e9sente et prot\u00e8ge<\/strong>\u00a0tous les travailleurs des secteurs tertiaire et commercial, employ\u00e9s par des entreprises appartenant aux activit\u00e9s commerciales, d&#039;h\u00f4tellerie, de restauration et de tourisme ; travailleurs religieux, employ\u00e9s des courses hippiques et des totalisateurs, maisons de jeu, salles de bingo, agences de paris, travailleurs d&#039;institutions et d&#039;entreprises qui fournissent des services sociaux\/de bien-\u00eatre, employ\u00e9s civils des bases am\u00e9ricaines et de l&#039;OTAN, assistants familiaux, employ\u00e9s et\/ou membres actifs d&#039;entreprises effectuant des activit\u00e9s de nettoyage, de d\u00e9sinfection, de d\u00e9sinfestation, de d\u00e9ratisation, d&#039;assainissement de l&#039;environnement, d&#039;entretien mineur dans les expositions, les magasins, les bureaux et dans les espaces publics et priv\u00e9s locaux en g\u00e9n\u00e9ral, y compris les chantiers et les d\u00e9partements industriels.<\/p>\n<\/div>\n\n\n\n\n\t\t<\/div> \n\t<\/div>\n\t<\/div> \n<\/div><\/div>\n\t\t\t<\/div> \n\t\t<\/div>\n\t<\/div> \n<\/div><\/div>\n\t\t<div id=\"fws_69ec7df186017\"  data-column-margin=\"default\" data-midnight=\"dark\" data-bottom-percent=\"1%\"  class=\"wpb_row vc_row-fluid vc_row full-width-section\"  style=\"padding-top: 0px; padding-bottom: calc(100vw * 0.01); \"><div class=\"row-bg-wrap\" data-bg-animation=\"none\" data-bg-animation-delay=\"\" data-bg-overlay=\"false\"><div class=\"inner-wrap row-bg-layer\" ><div class=\"row-bg viewport-desktop\"  style=\"\"><\/div><\/div><\/div><div class=\"row_col_wrap_12 col span_12 dark left\">\n\t<div  class=\"vc_col-sm-12 wpb_column column_container vc_column_container col no-extra-padding inherit_tablet inherit_phone\"  data-padding-pos=\"all\" data-has-bg-color=\"false\" data-bg-color=\"\" data-bg-opacity=\"1\" data-animation=\"\" data-delay=\"0\" >\n\t\t<div class=\"vc_column-inner\" >\n\t\t\t<div class=\"wpb_wrapper\">\n\t\t\t\t<div class=\"owl-carousel\" data-enable-animation=\"\" data-loop=\"false\"  data-animation-delay=\"0\" data-autorotate=\"\" data-autorotation-speed=\"5000\" data-column-padding=\"20px\" data-desktop-cols=\"4\" data-desktop-small-cols=\"4\" data-tablet-cols=\"2\" data-mobile-cols=\"1\"><div class=\"carousel-item\"><div class=\"team-member\" data-style=\"meta_below\"><img decoding=\"async\" alt=\"\" src=\"https:\/\/www.cislferrara.it\/wp-content\/uploads\/2025\/01\/cisl-ferrara-team-generico.jpg\" title=\"Andrea Hammers\" \/><h4 class=\"light\">Andrea Hammers<\/h4><div class=\"position\">Secr\u00e9taire g\u00e9n\u00e9ral<\/div><p class=\"description\">T\u00e9l. 0532.777666<br \/>\nCourriel : fisascat.ferrara@cisl.it<br \/>\nPec : fisascat.ferrara@pec.it<\/p><\/div><\/div><div class=\"carousel-item\"><div class=\"team-member\" data-style=\"meta_below\"><img decoding=\"async\" alt=\"\" src=\"https:\/\/www.cislferrara.it\/wp-content\/uploads\/2025\/01\/cisl-ferrara-team-generico.jpg\" title=\"Matthieu Constantin\" \/><h4 class=\"light\">Matthieu Constantin<\/h4><div class=\"position\">Secr\u00e9taire<\/div><p class=\"description\">T\u00e9l. 0532.777666<br \/>\nCourriel : fisascat.ferrara@cisl.it<\/p><\/div><\/div><div class=\"carousel-item\"><\/div><\/div>\n\t\t\t<\/div> \n\t\t<\/div>\n\t<\/div> \n<\/div><\/div>\n\t\t<div id=\"fws_69ec7df1c4b81\"  data-column-margin=\"default\" data-midnight=\"dark\" data-top-percent=\"1%\" data-bottom-percent=\"6%\"  class=\"wpb_row vc_row-fluid vc_row full-width-section\"  style=\"padding-top: calc(100vw * 0.01); padding-bottom: calc(100vw * 0.06); \"><div class=\"row-bg-wrap\" data-bg-animation=\"none\" data-bg-animation-delay=\"\" data-bg-overlay=\"false\"><div class=\"inner-wrap row-bg-layer\" ><div class=\"row-bg viewport-desktop\"  style=\"\"><\/div><\/div><\/div><div class=\"row_col_wrap_12 col span_12 dark left\">\n\t<div  class=\"vc_col-sm-12 wpb_column column_container vc_column_container col no-extra-padding inherit_tablet inherit_phone\"  data-padding-pos=\"all\" data-has-bg-color=\"false\" data-bg-color=\"\" data-bg-opacity=\"1\" data-animation=\"\" data-delay=\"0\" >\n\t\t<div class=\"vc_column-inner\" >\n\t\t\t<div class=\"wpb_wrapper\">\n\t\t\t\t<div id=\"fws_69ec7df1c5285\" data-midnight=\"\" data-column-margin=\"default\" class=\"wpb_row vc_row-fluid vc_row inner_row\"  style=\"padding-bottom: 50px; \"><div class=\"row-bg-wrap\"> <div class=\"row-bg\" ><\/div> <\/div><div class=\"row_col_wrap_12_inner col span_12  left\">\n\t<div  class=\"vc_col-sm-12 wpb_column column_container vc_column_container col child_column centered-text no-extra-padding inherit_tablet inherit_phone\"   data-padding-pos=\"all\" data-has-bg-color=\"false\" data-bg-color=\"\" data-bg-opacity=\"1\" data-animation=\"\" data-delay=\"0\" >\n\t\t<div class=\"vc_column-inner\" >\n\t\t<div class=\"wpb_wrapper\">\n\t\t\t\n<div class=\"wpb_text_column wpb_content_element\" >\n\t<h3>Derni\u00e8res nouvelles<\/h3>\n<\/div>\n\n\n\n\n\t\t<\/div> \n\t<\/div>\n\t<\/div> \n<\/div><\/div><div id=\"fws_69ec7df1c5890\" data-midnight=\"\" data-column-margin=\"default\" class=\"wpb_row vc_row-fluid vc_row inner_row  vc_custom_1504236091614\"  style=\"\"><div class=\"row-bg-wrap\"> <div class=\"row-bg\" ><\/div> <\/div><div class=\"row_col_wrap_12_inner col span_12  left\">\n\t<div  class=\"vc_col-sm-12 wpb_column column_container vc_column_container col child_column no-extra-padding inherit_tablet inherit_phone\"   data-padding-pos=\"all\" data-has-bg-color=\"false\" data-bg-color=\"\" data-bg-opacity=\"1\" data-animation=\"\" data-delay=\"0\" >\n\t\t<div class=\"vc_column-inner\" >\n\t\t<div class=\"wpb_wrapper\">\n\t\t\t<div class='nectar-post-grid-wrap text-color-dark spacing-25px' data-el-settings='{\"post_type\":\"post\",\"pagination\":\"none\",\"image_size\":\"large\",\"parallax_scrolling\":\"\",\"aspect_ratio_image_size\":\"\",\"category_position\":\"default\",\"category_display\":\"default\",\"display_categories\":\"yes\",\"display_excerpt\":\"yes\",\"excerpt_length\":\"20\",\"content_next_to_image_excerpt_pos\":\"default\",\"display_date\":\"yes\",\"display_estimated_reading_time\":\"0\",\"display_author\":\"0\",\"author_functionality\":\"default\",\"author_position\":\"default\",\"color_overlay\":\"\",\"color_overlay_opacity\":\"\",\"color_overlay_hover_opacity\":\"\",\"card_bg_color\":\"\",\"grid_style\":\"content_under_image\",\"hover_effect\":\"zoom\",\"post_title_overlay\":\"\",\"heading_tag\":\"default\",\"heading_tag_render\":\"default\",\"enable_gallery_lightbox\":\"0\",\"remove_links\":\"0\",\"category_style\":\"underline\",\"overlay_secondary_project_image\":\"\",\"vertical_list_hover_effect\":\"none\",\"vertical_list_read_more\":\"\",\"vertical_list_read_more_style\":\"text\",\"read_more_button\":\"0\",\"animation\":\"none\",\"custom_fields\":\"\",\"custom_fields_location\":\"before_post_meta\",\"display_type\":\"grid\",\"text_content_layout\":\"top_left\"}' data-style='content_under_image' data-query='{\"post_type\":\"post\",\"posts_per_page\":\"6\",\"order\":\"DESC\",\"orderby\":\"date\",\"offset\":\"0\",\"cpt_name\":\"post\",\"custom_query_tax\":\"\",\"ignore_sticky_posts\":\"\",\"exclude_current_post\":\"\"}' data-load-more-color='black' data-load-more-text='Load More'><div class=\"nectar-post-grid-filters\" data-active-color=\"default\" data-align=\"default\" data-animation=\"none\" data-sortable=\"\"><div><a href=\"#\" data-filter=\"fisascat\" data-total-count=\"31\">Fisascat<\/a><\/div><\/div><div class=\"nectar-post-grid category-position-before-title\" data-indicator=\"\" data-indicator-style=\"default\" data-indicator-text-color=\"#fff\" data-indicator-color=\"#000\" data-indicator-text=\"View\" data-masonry=\"yes\" data-columns=\"4\" data-hover-effect=\"zoom\" data-text-style=\"default\" data-border-radius=\"5px\" data-grid-item-height=\"30vh\" data-grid-spacing=\"25px\" data-text-layout=\"top_left\" data-text-color=\"dark\" data-text-hover-color=\"dark\" data-shadow-hover=\"\" data-animation=\"none\" data-animation-stagger=\"90\" data-cat-click=\"default\"  data-lock-aspect=\"\"  data-text-align=\"left\" data-card=\"\" style=\"--post-grid-border-radius:5px;\" ><div class=\"nectar-post-grid-item\" data-post-id=\"4477\" data-has-img=\"true\"> <div class=\"inner\"><div class=\"nectar-post-grid-item-bg-wrap\"><div class=\"nectar-post-grid-item-bg-wrap-inner\"><div class=\"nectar-post-grid-item-bg\"><img loading=\"lazy\" decoding=\"async\" width=\"1024\" height=\"576\" src=\"https:\/\/www.cislferrara.it\/wp-content\/uploads\/2024\/07\/ccnlturismo-1024x576.jpg\" class=\"attachment-large size-large wp-post-image\" alt=\"\" srcset=\"https:\/\/www.cislferrara.it\/wp-content\/uploads\/2024\/07\/ccnlturismo-1024x576.jpg 1024w, https:\/\/www.cislferrara.it\/wp-content\/uploads\/2024\/07\/ccnlturismo-300x169.jpg 300w, https:\/\/www.cislferrara.it\/wp-content\/uploads\/2024\/07\/ccnlturismo-768x432.jpg 768w, https:\/\/www.cislferrara.it\/wp-content\/uploads\/2024\/07\/ccnlturismo.jpg 1200w\" sizes=\"auto, (max-width: 1024px) 100vw, 1024px\" \/><\/div><\/div><\/div><div class=\"content\"><a class=\"nectar-post-grid-link\" href=\"https:\/\/www.cislferrara.it\/fr\/fisascat-comunicato-stampa-7\/\" ><span class=\"screen-reader-text\">Fisascat : Communiqu\u00e9 de presse<\/span><\/a><span class=\"meta-category\"><a class=\"area-stampa style-underline\" href=\"https:\/\/www.cislferrara.it\/fr\/category\/area-stampa\/\">Espace presse<\/a><a class=\"fisascat style-underline\" href=\"https:\/\/www.cislferrara.it\/fr\/category\/fisascat\/\">Fisascat<\/a><\/span><div class=\"item-main\"><h3 class=\"post-heading\"><span>Fisascat : Communiqu\u00e9 de presse<\/span><\/h3><div class=\"nectar-post-grid-item__excerpt-wrap item-meta-extra\"><span class=\"meta-excerpt\">Rome, 5 juillet 2024 - Apr\u00e8s plus de 40 heures de n\u00e9gociations intenses, le\u2026<\/span><\/div><span class=\"nectar-post-grid-item__meta-wrap\"><span class=\"meta-date\">5 juillet 2024<\/span><\/span><\/div><\/div><\/div><\/div><div class=\"nectar-post-grid-item\" data-post-id=\"4394\" data-has-img=\"true\"> <div class=\"inner\"><div class=\"nectar-post-grid-item-bg-wrap\"><div class=\"nectar-post-grid-item-bg-wrap-inner\"><div class=\"nectar-post-grid-item-bg\"><img loading=\"lazy\" decoding=\"async\" width=\"1024\" height=\"683\" src=\"https:\/\/www.cislferrara.it\/wp-content\/uploads\/2024\/06\/guarini_lorenzi-1024x683.jpg\" class=\"attachment-large size-large wp-post-image\" alt=\"\" srcset=\"https:\/\/www.cislferrara.it\/wp-content\/uploads\/2024\/06\/guarini_lorenzi-1024x683.jpg 1024w, https:\/\/www.cislferrara.it\/wp-content\/uploads\/2024\/06\/guarini_lorenzi-300x200.jpg 300w, https:\/\/www.cislferrara.it\/wp-content\/uploads\/2024\/06\/guarini_lorenzi-768x512.jpg 768w, https:\/\/www.cislferrara.it\/wp-content\/uploads\/2024\/06\/guarini_lorenzi.jpg 1200w\" sizes=\"auto, (max-width: 1024px) 100vw, 1024px\" \/><\/div><\/div><\/div><div class=\"content\"><a class=\"nectar-post-grid-link\" href=\"https:\/\/www.cislferrara.it\/fr\/fisascat-comunicato-stampa-6\/\" ><span class=\"screen-reader-text\">Fisascat : Communiqu\u00e9 de presse<\/span><\/a><span class=\"meta-category\"><a class=\"area-stampa style-underline\" href=\"https:\/\/www.cislferrara.it\/fr\/category\/area-stampa\/\">Espace presse<\/a><a class=\"fisascat style-underline\" href=\"https:\/\/www.cislferrara.it\/fr\/category\/fisascat\/\">Fisascat<\/a><\/span><div class=\"item-main\"><h3 class=\"post-heading\"><span>Fisascat : Communiqu\u00e9 de presse<\/span><\/h3><div class=\"nectar-post-grid-item__excerpt-wrap item-meta-extra\"><span class=\"meta-excerpt\">Renouvellement de la Convention Collective Nationale de Travail des \u00c9tablissements Publics, de la Restauration Collective, du Commerce et du Tourisme Guarini : \u00ab Avec la convention, nous intervenons sur\u2026<\/span><\/div><span class=\"nectar-post-grid-item__meta-wrap\"><span class=\"meta-date\">6 juin 2024<\/span><\/span><\/div><\/div><\/div><\/div><div class=\"nectar-post-grid-item\" data-post-id=\"4390\" data-has-img=\"true\"> <div class=\"inner\"><div class=\"nectar-post-grid-item-bg-wrap\"><div class=\"nectar-post-grid-item-bg-wrap-inner\"><div class=\"nectar-post-grid-item-bg\"><img loading=\"lazy\" decoding=\"async\" width=\"1024\" height=\"516\" src=\"https:\/\/www.cislferrara.it\/wp-content\/uploads\/2024\/05\/mense_24-1024x516.jpg\" class=\"attachment-large size-large wp-post-image\" alt=\"\" srcset=\"https:\/\/www.cislferrara.it\/wp-content\/uploads\/2024\/05\/mense_24-1024x516.jpg 1024w, https:\/\/www.cislferrara.it\/wp-content\/uploads\/2024\/05\/mense_24-300x151.jpg 300w, https:\/\/www.cislferrara.it\/wp-content\/uploads\/2024\/05\/mense_24-768x387.jpg 768w, https:\/\/www.cislferrara.it\/wp-content\/uploads\/2024\/05\/mense_24.jpg 1200w\" sizes=\"auto, (max-width: 1024px) 100vw, 1024px\" \/><\/div><\/div><\/div><div class=\"content\"><a class=\"nectar-post-grid-link\" href=\"https:\/\/www.cislferrara.it\/fr\/fisascat-comunicato-stampa-5\/\" ><span class=\"screen-reader-text\">Fisascat : Communiqu\u00e9 de presse<\/span><\/a><span class=\"meta-category\"><a class=\"area-stampa style-underline\" href=\"https:\/\/www.cislferrara.it\/fr\/category\/area-stampa\/\">Espace presse<\/a><a class=\"fisascat style-underline\" href=\"https:\/\/www.cislferrara.it\/fr\/category\/fisascat\/\">Fisascat<\/a><\/span><div class=\"item-main\"><h3 class=\"post-heading\"><span>Fisascat : Communiqu\u00e9 de presse<\/span><\/h3><div class=\"nectar-post-grid-item__excerpt-wrap item-meta-extra\"><span class=\"meta-excerpt\">Restauration collective, gr\u00e8ve nationale du 4 juin des salari\u00e9s des entreprises adh\u00e9rant \u00e0\u2026<\/span><\/div><span class=\"nectar-post-grid-item__meta-wrap\"><span class=\"meta-date\">27 mai 2024<\/span><\/span><\/div><\/div><\/div><\/div><div class=\"nectar-post-grid-item\" data-post-id=\"4387\" data-has-img=\"true\"> <div class=\"inner\"><div class=\"nectar-post-grid-item-bg-wrap\"><div class=\"nectar-post-grid-item-bg-wrap-inner\"><div class=\"nectar-post-grid-item-bg\"><img loading=\"lazy\" decoding=\"async\" width=\"1000\" height=\"578\" src=\"https:\/\/www.cislferrara.it\/wp-content\/uploads\/2024\/05\/acconciatura_24.jpg\" class=\"attachment-large size-large wp-post-image\" alt=\"\" srcset=\"https:\/\/www.cislferrara.it\/wp-content\/uploads\/2024\/05\/acconciatura_24.jpg 1000w, https:\/\/www.cislferrara.it\/wp-content\/uploads\/2024\/05\/acconciatura_24-300x173.jpg 300w, https:\/\/www.cislferrara.it\/wp-content\/uploads\/2024\/05\/acconciatura_24-768x444.jpg 768w\" sizes=\"auto, (max-width: 1000px) 100vw, 1000px\" \/><\/div><\/div><\/div><div class=\"content\"><a class=\"nectar-post-grid-link\" href=\"https:\/\/www.cislferrara.it\/fr\/fisascat-comunicato-stampa-4\/\" ><span class=\"screen-reader-text\">Fisascat : COMMUNIQU\u00c9 DE PRESSE<\/span><\/a><span class=\"meta-category\"><a class=\"area-stampa style-underline\" href=\"https:\/\/www.cislferrara.it\/fr\/category\/area-stampa\/\">Espace presse<\/a><a class=\"fisascat style-underline\" href=\"https:\/\/www.cislferrara.it\/fr\/category\/fisascat\/\">Fisascat<\/a><\/span><div class=\"item-main\"><h3 class=\"post-heading\"><span>Fisascat : COMMUNIQU\u00c9 DE PRESSE<\/span><\/h3><div class=\"nectar-post-grid-item__excerpt-wrap item-meta-extra\"><span class=\"meta-excerpt\">Rome, le 22 mai 2024 \u2013 Signature d\u2019un accord pour le renouvellement du Contrat National pour le Secteur de la Coiffure et\u2026<\/span><\/div><span class=\"nectar-post-grid-item__meta-wrap\"><span class=\"meta-date\">22 mai 2024<\/span><\/span><\/div><\/div><\/div><\/div><div class=\"nectar-post-grid-item\" data-post-id=\"4326\" data-has-img=\"true\"> <div class=\"inner\"><div class=\"nectar-post-grid-item-bg-wrap\"><div class=\"nectar-post-grid-item-bg-wrap-inner\"><div class=\"nectar-post-grid-item-bg\"><img loading=\"lazy\" decoding=\"async\" width=\"1024\" height=\"581\" src=\"https:\/\/www.cislferrara.it\/wp-content\/uploads\/2024\/03\/foto_def_27032024-1024x581.jpg\" class=\"attachment-large size-large wp-post-image\" alt=\"\" srcset=\"https:\/\/www.cislferrara.it\/wp-content\/uploads\/2024\/03\/foto_def_27032024-1024x581.jpg 1024w, https:\/\/www.cislferrara.it\/wp-content\/uploads\/2024\/03\/foto_def_27032024-300x170.jpg 300w, https:\/\/www.cislferrara.it\/wp-content\/uploads\/2024\/03\/foto_def_27032024-768x436.jpg 768w, https:\/\/www.cislferrara.it\/wp-content\/uploads\/2024\/03\/foto_def_27032024.jpg 1200w\" sizes=\"auto, (max-width: 1024px) 100vw, 1024px\" \/><\/div><\/div><\/div><div class=\"content\"><a class=\"nectar-post-grid-link\" href=\"https:\/\/www.cislferrara.it\/fr\/fisascat-comunicato-stampa-3\/\" ><span class=\"screen-reader-text\">Fisascat : COMMUNIQU\u00c9 DE PRESSE<\/span><\/a><span class=\"meta-category\"><a class=\"area-stampa style-underline\" href=\"https:\/\/www.cislferrara.it\/fr\/category\/area-stampa\/\">Espace presse<\/a><a class=\"fisascat style-underline\" href=\"https:\/\/www.cislferrara.it\/fr\/category\/fisascat\/\">Fisascat<\/a><\/span><div class=\"item-main\"><h3 class=\"post-heading\"><span>Fisascat : COMMUNIQU\u00c9 DE PRESSE<\/span><\/h3><div class=\"nectar-post-grid-item__excerpt-wrap item-meta-extra\"><span class=\"meta-excerpt\">COMMUNIQU\u00c9 DE PRESSE DISTRIBUTION MODERNE ORGANIS\u00c9E, N\u00c9GOCIATIONS AVEC FEDERDISTRIBUZIONE SUR LE RENOUVELLEMENT DU CONTRAT\u2026<\/span><\/div><span class=\"nectar-post-grid-item__meta-wrap\"><span class=\"meta-date\">27 mars 2024<\/span><\/span><\/div><\/div><\/div><\/div><div class=\"nectar-post-grid-item\" data-post-id=\"4316\" data-has-img=\"true\"> <div class=\"inner\"><div class=\"nectar-post-grid-item-bg-wrap\"><div class=\"nectar-post-grid-item-bg-wrap-inner\"><div class=\"nectar-post-grid-item-bg\"><img loading=\"lazy\" decoding=\"async\" width=\"1024\" height=\"768\" src=\"https:\/\/www.cislferrara.it\/wp-content\/uploads\/2024\/03\/firmatds24-1024x768.jpg\" class=\"attachment-large size-large wp-post-image\" alt=\"\" srcset=\"https:\/\/www.cislferrara.it\/wp-content\/uploads\/2024\/03\/firmatds24-1024x768.jpg 1024w, https:\/\/www.cislferrara.it\/wp-content\/uploads\/2024\/03\/firmatds24-300x225.jpg 300w, https:\/\/www.cislferrara.it\/wp-content\/uploads\/2024\/03\/firmatds24-768x576.jpg 768w, https:\/\/www.cislferrara.it\/wp-content\/uploads\/2024\/03\/firmatds24-86x64.jpg 86w, https:\/\/www.cislferrara.it\/wp-content\/uploads\/2024\/03\/firmatds24.jpg 1200w\" sizes=\"auto, (max-width: 1024px) 100vw, 1024px\" \/><\/div><\/div><\/div><div class=\"content\"><a class=\"nectar-post-grid-link\" href=\"https:\/\/www.cislferrara.it\/fr\/fisascat-comunicato-stampa-2\/\" ><span class=\"screen-reader-text\">Fisascat : COMMUNIQU\u00c9 DE PRESSE<\/span><\/a><span class=\"meta-category\"><a class=\"area-stampa style-underline\" href=\"https:\/\/www.cislferrara.it\/fr\/category\/area-stampa\/\">Espace presse<\/a><a class=\"fisascat style-underline\" href=\"https:\/\/www.cislferrara.it\/fr\/category\/fisascat\/\">Fisascat<\/a><\/span><div class=\"item-main\"><h3 class=\"post-heading\"><span>Fisascat : COMMUNIQU\u00c9 DE PRESSE<\/span><\/h3><div class=\"nectar-post-grid-item__excerpt-wrap item-meta-extra\"><span class=\"meta-excerpt\">&nbsp; COMMUNIQU\u00c9 DE PRESSE RENOUVELLEMENT DES CONTRATS DE DISTRIBUTION ET DE SERVICES TERTIAIRES, GUARINI : \u00ab UNE R\u00c9PONSE \u00c9CONOMIQUE ET R\u00c9GLEMENTAIRE EFFICACE\u2026<\/span><\/div><span class=\"nectar-post-grid-item__meta-wrap\"><span class=\"meta-date\">22 mars 2024<\/span><\/span><\/div><\/div><\/div><\/div><\/div><\/div>\n\t\t<\/div> \n\t<\/div>\n\t<\/div> \n<\/div><\/div><div id=\"fws_69ec7df1ec3c4\" data-midnight=\"\" data-column-margin=\"default\" class=\"wpb_row vc_row-fluid vc_row inner_row\"  style=\"\"><div class=\"row-bg-wrap\"> <div class=\"row-bg\" ><\/div> <\/div><div class=\"row_col_wrap_12_inner col span_12  left\">\n\t<div  class=\"vc_col-sm-12 wpb_column column_container vc_column_container col child_column centered-text no-extra-padding inherit_tablet inherit_phone\"   data-padding-pos=\"all\" data-has-bg-color=\"false\" data-bg-color=\"\" data-bg-opacity=\"1\" data-animation=\"\" data-delay=\"0\" >\n\t\t<div class=\"vc_column-inner\" >\n\t\t<div class=\"wpb_wrapper\">\n\t\t\t<a class=\"nectar-button large see-through m-extra-color-gradient-2 has-icon\"  role=\"button\" style=\"margin-top: 15px; \"  href=\"https:\/\/www.cislferrara.it\/fr\/archivio\/\" data-color-override=\"false\" data-hover-color-override=\"false\" data-hover-text-color-override=\"#fff\"><span>Lire toutes les actualit\u00e9s<\/span><i  class=\"icon-button-arrow\"><\/i><\/a>\n\t\t<\/div> \n\t<\/div>\n\t<\/div> \n<\/div><\/div>\n\t\t\t<\/div> \n\t\t<\/div>\n\t<\/div> \n<\/div><\/div>","protected":false},"excerpt":{"rendered":"&nbsp; COMMUNIQU\u00c9 DE PRESSE RENOUVELLEMENT DES CONTRATS DE DISTRIBUTION ET DE SERVICES TERTIAIRES, GUARINI : \u00ab R\u00c9PONSE \u00c9CONOMIQUE ET R\u00c9GLEMENTAIRE EFFICACE AUX BESOINS DE MILLIONS DE TRAVAILLEURS DU PRINCIPAL SECTEUR DE L&#039;\u00c9CONOMIE ITALIENNE \u00bb Rome, 22...","protected":false},"author":1,"featured_media":0,"parent":0,"menu_order":0,"comment_status":"closed","ping_status":"closed","template":"","meta":{"footnotes":""},"class_list":["post-65","page","type-page","status-publish"],"_links":{"self":[{"href":"https:\/\/www.cislferrara.it\/fr\/wp-json\/wp\/v2\/pages\/65","targetHints":{"allow":["GET"]}}],"collection":[{"href":"https:\/\/www.cislferrara.it\/fr\/wp-json\/wp\/v2\/pages"}],"about":[{"href":"https:\/\/www.cislferrara.it\/fr\/wp-json\/wp\/v2\/types\/page"}],"author":[{"embeddable":true,"href":"https:\/\/www.cislferrara.it\/fr\/wp-json\/wp\/v2\/users\/1"}],"replies":[{"embeddable":true,"href":"https:\/\/www.cislferrara.it\/fr\/wp-json\/wp\/v2\/comments?post=65"}],"version-history":[{"count":6,"href":"https:\/\/www.cislferrara.it\/fr\/wp-json\/wp\/v2\/pages\/65\/revisions"}],"predecessor-version":[{"id":5153,"href":"https:\/\/www.cislferrara.it\/fr\/wp-json\/wp\/v2\/pages\/65\/revisions\/5153"}],"wp:attachment":[{"href":"https:\/\/www.cislferrara.it\/fr\/wp-json\/wp\/v2\/media?parent=65"}],"curies":[{"name":"wp","href":"https:\/\/api.w.org\/{rel}","templated":true}]}}