{"id":3275,"date":"2019-11-21T11:25:39","date_gmt":"2019-11-21T10:25:39","guid":{"rendered":"https:\/\/www.cislferrara.it\/?page_id=3275"},"modified":"2025-05-20T14:16:10","modified_gmt":"2025-05-20T12:16:10","slug":"trasparenza","status":"publish","type":"page","link":"https:\/\/www.cislferrara.it\/fr\/sindacato\/trasparenza\/","title":{"rendered":"Transparence"},"content":{"rendered":"<div id=\"fws_69f0549c9ad85\"  data-column-margin=\"none\" data-midnight=\"custom\" data-top-percent=\"4%\" data-bottom-percent=\"4%\"  class=\"wpb_row vc_row-fluid vc_row full-width-section parallax_section top_padding_tablet_30pct top_padding_phone_40pct bottom_padding_tablet_30pct bottom_padding_phone_40pct\"  style=\"padding-top: calc(100vw * 0.04); padding-bottom: calc(100vw * 0.04); \"><div class=\"row-bg-wrap\" data-bg-animation=\"zoom-out\" data-bg-animation-delay=\"\" data-bg-overlay=\"true\"><div class=\"inner-wrap row-bg-layer using-image\" ><div class=\"row-bg viewport-desktop using-image\" data-parallax-speed=\"fast\" style=\"background-position: center center; background-repeat: no-repeat; \" data-nectar-img-src=\"https:\/\/www.cislferrara.it\/wp-content\/uploads\/2025\/01\/bandiera-cisl.jpg\"><\/div><\/div><div class=\"row-bg-overlay row-bg-layer\" style=\"background-color:#000000;  opacity: 0.3; \"><\/div><\/div><div class=\"row_col_wrap_12 col span_12 custom left\">\n\t<div  class=\"vc_col-sm-12 wpb_column column_container vc_column_container col no-extra-padding force-phone-text-align-center el_spacing_0px inherit_tablet inherit_phone\"  data-padding-pos=\"all\" data-has-bg-color=\"false\" data-bg-color=\"\" data-bg-opacity=\"1\" data-animation=\"\" data-delay=\"0\" >\n\t\t<div class=\"vc_column-inner\" >\n\t\t\t<div class=\"wpb_wrapper\">\n\t\t\t\t<div id=\"fws_69f0549c9b532\" data-midnight=\"\" data-column-margin=\"default\" class=\"wpb_row vc_row-fluid vc_row inner_row\"  style=\" z-index: 20;\"><div class=\"row-bg-wrap\"> <div class=\"row-bg\" ><\/div> <\/div><div class=\"row_col_wrap_12_inner col span_12  left\">\n\t<div style=\" color: #ffffff;\" class=\"vc_col-sm-12 wpb_column column_container vc_column_container col child_column no-extra-padding el_spacing_0px inherit_tablet inherit_phone\" data-cfc=\"true\"  data-padding-pos=\"all\" data-has-bg-color=\"false\" data-bg-color=\"\" data-bg-opacity=\"1\" data-animation=\"\" data-delay=\"0\" >\n\t\t<div class=\"vc_column-inner\" >\n\t\t<div class=\"wpb_wrapper\">\n\t\t\t<div class=\"nectar-split-heading\" data-align=\"default\" data-m-align=\"inherit\" data-text-effect=\"default\" data-animation-type=\"line-reveal-by-space\" data-animation-delay=\"200\" data-animation-offset=\"\" data-m-rm-animation=\"\" data-stagger=\"true\" data-custom-font-size=\"false\" ><h2 >Transparence<\/h2><\/div>\n\t\t<\/div> \n\t<\/div>\n\t<\/div> \n<\/div><\/div>\n\t\t\t<\/div> \n\t\t<\/div>\n\t<\/div> \n<\/div><\/div>\n\t\t<div id=\"fws_69f0549c9be58\"  data-column-margin=\"default\" data-midnight=\"dark\"  class=\"wpb_row vc_row-fluid vc_row\"  style=\"padding-top: 0px; padding-bottom: 0px; \"><div class=\"row-bg-wrap\" data-bg-animation=\"none\" data-bg-animation-delay=\"\" data-bg-overlay=\"false\"><div class=\"inner-wrap row-bg-layer\" ><div class=\"row-bg viewport-desktop\"  style=\"\"><\/div><\/div><\/div><div class=\"row_col_wrap_12 col span_12 dark left\">\n\t<div  class=\"vc_col-sm-12 wpb_column column_container vc_column_container col no-extra-padding inherit_tablet inherit_phone\"  data-padding-pos=\"all\" data-has-bg-color=\"false\" data-bg-color=\"\" data-bg-opacity=\"1\" data-animation=\"\" data-delay=\"0\" >\n\t\t<div class=\"vc_column-inner\" >\n\t\t\t<div class=\"wpb_wrapper\">\n\t\t\t\t<div class=\"divider-wrap\" data-alignment=\"default\"><div style=\"height: 50px;\" class=\"divider\"><\/div><\/div>\n<div class=\"wpb_text_column wpb_content_element\" >\n\t<h3><strong><span style=\"color: #008000;\">Les organes directeurs de l&#039;UST Cisl Ferrara<\/span><br \/>\n<\/strong><\/h3>\n<ul>\n<li><a href=\"https:\/\/www.cislferrara.it\/fr\/sindacato\/trasparenza\/comitato-esecutivo\/\">Liste des membres du Comit\u00e9 ex\u00e9cutif<\/a><\/li>\n<li><a href=\"https:\/\/www.cislferrara.it\/fr\/sindacato\/trasparenza\/comitato-esecutivo-rappresentanti-enti-e-associazioni\/\">Repr\u00e9sentants d&#039;institutions et d&#039;associations<\/a><\/li>\n<li>Liste des membres du Conseil g\u00e9n\u00e9ral<\/li>\n<\/ul>\n<hr \/>\n<h3><strong><span style=\"color: #008000;\">Bilans de l&#039;UST CISL Ferrara<\/span><\/strong><\/h3>\n<ul>\n<li><a href=\"https:\/\/www.cislferrara.it\/wp-content\/uploads\/2022\/10\/BILANCIO2021.pdf\" target=\"_blank\" rel=\"noopener\">Budget 2021<\/a><\/li>\n<li><a href=\"https:\/\/www.cislferrara.it\/wp-content\/uploads\/2023\/05\/bilancio2022.pdf\" target=\"_blank\" rel=\"noopener\">Budget 2022<\/a><\/li>\n<li><a href=\"https:\/\/www.cislferrara.it\/wp-content\/uploads\/2025\/05\/blancio-2023.pdf\">Budget 2023<\/a><\/li>\n<li><a href=\"https:\/\/www.cislferrara.it\/wp-content\/uploads\/2025\/05\/bilancio-2024.pdf\">Budget 2024<\/a><\/li>\n<\/ul>\n<hr \/>\n<h4><a href=\"https:\/\/www.cisl.it\/cose-la-cisl\/codice-etico-e-trasparenza\/\" target=\"_blank\" rel=\"noopener\">Code de d\u00e9ontologie du CISL 2019<\/a><\/h4>\n<\/div>\n\n\n\n\n\t\t\t<\/div> \n\t\t<\/div>\n\t<\/div> \n<\/div><\/div>","protected":false},"excerpt":{"rendered":"Transparence Les organes directeurs de l&#039;UST Cisl Ferrara Liste des membres du Comit\u00e9 ex\u00e9cutif Repr\u00e9sentants des organismes et associations Liste des membres du Conseil g\u00e9n\u00e9ral Budgets Budget UST CISL Ferrara 2021...","protected":false},"author":3,"featured_media":0,"parent":13,"menu_order":0,"comment_status":"closed","ping_status":"closed","template":"","meta":{"footnotes":""},"class_list":["post-3275","page","type-page","status-publish"],"_links":{"self":[{"href":"https:\/\/www.cislferrara.it\/fr\/wp-json\/wp\/v2\/pages\/3275","targetHints":{"allow":["GET"]}}],"collection":[{"href":"https:\/\/www.cislferrara.it\/fr\/wp-json\/wp\/v2\/pages"}],"about":[{"href":"https:\/\/www.cislferrara.it\/fr\/wp-json\/wp\/v2\/types\/page"}],"author":[{"embeddable":true,"href":"https:\/\/www.cislferrara.it\/fr\/wp-json\/wp\/v2\/users\/3"}],"replies":[{"embeddable":true,"href":"https:\/\/www.cislferrara.it\/fr\/wp-json\/wp\/v2\/comments?post=3275"}],"version-history":[{"count":6,"href":"https:\/\/www.cislferrara.it\/fr\/wp-json\/wp\/v2\/pages\/3275\/revisions"}],"predecessor-version":[{"id":5011,"href":"https:\/\/www.cislferrara.it\/fr\/wp-json\/wp\/v2\/pages\/3275\/revisions\/5011"}],"up":[{"embeddable":true,"href":"https:\/\/www.cislferrara.it\/fr\/wp-json\/wp\/v2\/pages\/13"}],"wp:attachment":[{"href":"https:\/\/www.cislferrara.it\/fr\/wp-json\/wp\/v2\/media?parent=3275"}],"curies":[{"name":"wp","href":"https:\/\/api.w.org\/{rel}","templated":true}]}}